{"id":12,"date":"2020-10-10T17:45:11","date_gmt":"2020-10-10T20:45:11","guid":{"rendered":"https:\/\/www.construtoraplim.com.br\/site\/?page_id=12"},"modified":"2024-07-19T14:40:30","modified_gmt":"2024-07-19T17:40:30","slug":"construtora-em-passo-fundo","status":"publish","type":"page","link":"https:\/\/www.construtoraplim.com.br\/site\/construtora-em-passo-fundo\/","title":{"rendered":"SOBRE A PLIM"},"content":{"rendered":"<p><strong><img decoding=\"async\" class=\"wp-image-663 alignleft\" src=\"https:\/\/www.construtoraplim.com.br\/site\/wp-content\/uploads\/2024\/06\/aaaaa.jpg\" alt=\"\" width=\"328\" height=\"432\" loading=\"lazy\" srcset=\"https:\/\/www.construtoraplim.com.br\/site\/wp-content\/uploads\/2024\/06\/aaaaa.jpg 394w, https:\/\/www.construtoraplim.com.br\/site\/wp-content\/uploads\/2024\/06\/aaaaa-228x300.jpg 228w\" sizes=\"(max-width: 328px) 100vw, 328px\" \/><br \/>\n<\/strong><\/p>\n<p>&nbsp;<\/p>\n<p>A PLIM Arquitetura e Constru\u00e7\u00e3o se destaca no mercado por oferecer solu\u00e7\u00f5es criativas e inovadoras em gest\u00e3o de projetos e execu\u00e7\u00e3o de obras. Com um foco rigoroso no planejamento, buscamos alinhar qualidade e controle de investimento, garantindo o melhor uso dos recursos dispon\u00edveis para cada projeto.<\/p>\n<p>Valorizamos o comprometimento com nossos clientes, trabalhando incessantemente para alcan\u00e7ar a excel\u00eancia em nossos servi\u00e7os e garantir a satisfa\u00e7\u00e3o total com o resultado final de cada obra.<\/p>\n<p><strong>Nossa Miss\u00e3o<\/strong><\/p>\n<p>Nossa miss\u00e3o \u00e9 oferecer servi\u00e7os de forma eficaz, com credibilidade e seguran\u00e7a, buscando atualiza\u00e7\u00e3o constante para satisfazer plenamente nossos clientes e colaboradores.<\/p>\n<div style=\"display: none;\">\n<p>construtora passo fundo constru\u00e7\u00e3o passo fundo, casa em passo fundo, apartamento, Passo Fundo RS, apartamento e edif\u00edcio passo fundo<\/p>\n<h1>apartamento em Passo Fundo,\u00a0casa passo fundo, constru\u00e7\u00e3o passo fundo,<\/h1>\n<h2>apartamento em passo fundo, construtora passo fundo e regi\u00e3o, constru\u00e7\u00e3o passo fundo em passo fundo, apartamento venda casa edif\u00edcio passo fundo, construtora em passo fundo rs, apartamento, para passo fundo e regi\u00e3o, apartamento para passo fundo e regi\u00e3o\u00a0edif\u00edcio edif\u00edcio passo fundo de apartamento em passo fundo, construtora passo fundo e regi\u00e3o, constru\u00e7\u00e3o passo fundo em passo fundo, apartamento venda casa edif\u00edcio passo fundo, construtora em passo fundo rs, apartamento,<a title=\"edif\u00edcio edif\u00edcio passo fundo de apartamento em passo fundo, construtora passo fundo e regi\u00e3o, constru\u00e7\u00e3o passo fundo em passo fundo, apartamento venda casa edif\u00edcio passo fundo, construtora em passo fundo rs, apartamento, para passo fundo e regi\u00e3o, apartamento para passo fundo e regi\u00e3o\" href=\"https:\/\/www.construtoraplim.com.br\">para passo fundo e regi\u00e3o, apartamento para passo fundo e regi\u00e3o\u00a0edif\u00edcio edif\u00edcio passo fundo de apartamento em passo fundo, construtora passo fundo e regi\u00e3o, constru\u00e7\u00e3o passo fundo em passo fundo, apartamento venda casa edif\u00edcio passo fundo, construtora em passo fundo rs, apartamento<\/a>, para passo fundo e regi\u00e3o, apartamento para passo fundo e regi\u00e3o\u00a0edif\u00edcio edif\u00edcio passo fundo de apartamento em passo fundo, construtora passo fundo e regi\u00e3o, constru\u00e7\u00e3o passo fundo em passo fundo, apartamento venda casa edif\u00edcio passo fundo, construtora em passo fundo rs, apartamento, para passo fundo e regi\u00e3o, apartamento para passo fundo e regi\u00e3o\u00a0edif\u00edcio edif\u00edcio passo fundo de apartamento em passo fundo, construtora passo fundo e regi\u00e3o, constru\u00e7\u00e3o passo fundo em passo fundo, apartamento venda casa edif\u00edcio passo fundo, construtora em passo fundo rs, apartamento, para passo fundo e regi\u00e3o,<a title=\"edif\u00edcio edif\u00edcio passo fundo de apartamento em passo fundo, construtora passo fundo e regi\u00e3o, constru\u00e7\u00e3o passo fundo em passo fundo, apartamento venda casa edif\u00edcio passo fundo, construtora em passo fundo rs, apartamento, para passo fundo e regi\u00e3o, apartamento para passo fundo e regi\u00e3o\" href=\"https:\/\/www.construtoraplim.com.br\/site\">apartamento para passo fundo e regi\u00e3o\u00a0edif\u00edcio edif\u00edcio passo fundo de apartamento em passo fundo, construtora passo fundo e regi\u00e3o, cria\u00e7\u00e3o de sit<\/a>es em passo fundo, apartamento venda casa edif\u00edcio passo fundo, construtora em passo fundo rs, apartamento, para passo fundo e regi\u00e3o, apartamento para passo fundo e regi\u00e3o<\/h2>\n<div id=\"attachment_747\" style=\"width: 353px\" class=\"wp-caption aligncenter\"><a href=\"https:\/\/www.construtoraplim.com.br\/site\/wp-content\/uploads\/2013\/06\/per\u00edcia-m\u00e9dica-passo-fundo-rs.jpg\"><img decoding=\"async\" aria-describedby=\"caption-attachment-747\" class=\"size-full wp-image-747 \" title=\"edif\u00edcio edif\u00edcio passo fundo de apartamento em Passo Fundo\" src=\"https:\/\/www.construtoraplim.com.br\/site\/wp-content\/uploads\/2013\/06\/per\u00edcia-m\u00e9dica-passo-fundo-rs.jpg\" alt=\"edif\u00edcio edif\u00edcio passo fundo de apartamento em Passo Fundo\" width=\"343\" height=\"300\" loading=\"lazy\" \/><\/a><p id=\"caption-attachment-747\" class=\"wp-caption-text\">edif\u00edcio edif\u00edcio passo fundo de apartamento em Passo Fundo<\/p><\/div>\n<\/div>\n","protected":false},"excerpt":{"rendered":"<p>&nbsp; A PLIM Arquitetura e Constru\u00e7\u00e3o se destaca no mercado por oferecer solu\u00e7\u00f5es criativas e inovadoras em gest\u00e3o de projetos e execu\u00e7\u00e3o de obras. Com um foco rigoroso no planejamento, buscamos alinhar qualidade e controle de investimento, garantindo o melhor uso dos recursos dispon\u00edveis para cada projeto. Valorizamos o comprometimento com nossos clientes, trabalhando incessantemente [&hellip;]<\/p>\n","protected":false},"author":1,"featured_media":0,"parent":0,"menu_order":0,"comment_status":"closed","ping_status":"closed","template":"","meta":{"footnotes":""},"_links":{"self":[{"href":"https:\/\/www.construtoraplim.com.br\/site\/wp-json\/wp\/v2\/pages\/12"}],"collection":[{"href":"https:\/\/www.construtoraplim.com.br\/site\/wp-json\/wp\/v2\/pages"}],"about":[{"href":"https:\/\/www.construtoraplim.com.br\/site\/wp-json\/wp\/v2\/types\/page"}],"author":[{"embeddable":true,"href":"https:\/\/www.construtoraplim.com.br\/site\/wp-json\/wp\/v2\/users\/1"}],"replies":[{"embeddable":true,"href":"https:\/\/www.construtoraplim.com.br\/site\/wp-json\/wp\/v2\/comments?post=12"}],"version-history":[{"count":49,"href":"https:\/\/www.construtoraplim.com.br\/site\/wp-json\/wp\/v2\/pages\/12\/revisions"}],"predecessor-version":[{"id":736,"href":"https:\/\/www.construtoraplim.com.br\/site\/wp-json\/wp\/v2\/pages\/12\/revisions\/736"}],"wp:attachment":[{"href":"https:\/\/www.construtoraplim.com.br\/site\/wp-json\/wp\/v2\/media?parent=12"}],"curies":[{"name":"wp","href":"https:\/\/api.w.org\/{rel}","templated":true}]}}